{"id":19,"date":"2024-10-28T09:25:41","date_gmt":"2024-10-28T09:25:41","guid":{"rendered":"https:\/\/apata.pt\/?page_id=19"},"modified":"2025-10-31T15:15:12","modified_gmt":"2025-10-31T15:15:12","slug":"quem-somos","status":"publish","type":"page","link":"https:\/\/apata.pt\/index.php\/quem-somos\/","title":{"rendered":"Quem Somos"},"content":{"rendered":"\t\t<div data-elementor-type=\"wp-page\" data-elementor-id=\"19\" class=\"elementor elementor-19\">\n\t\t\t\t<div class=\"elementor-element elementor-element-2c085860 e-con-full e-flex e-con e-parent\" data-id=\"2c085860\" data-element_type=\"container\" data-e-type=\"container\">\n\t\t\t\t<div class=\"elementor-element elementor-element-61b01c62 elementor-widget__width-initial elementor-widget elementor-widget-text-editor\" data-id=\"61b01c62\" data-element_type=\"widget\" data-e-type=\"widget\" data-widget_type=\"text-editor.default\">\n\t\t\t\t<div class=\"elementor-widget-container\">\n\t\t\t\t\t\t\t\t\t<p>A <strong>APATA<\/strong> \u2013 Associa\u00e7\u00e3o de Produtores Agr\u00edcolas Tradicionais e Ambientais, fundada em <strong>10 de maio de 2000<\/strong>, \u00e9 uma organiza\u00e7\u00e3o sem fins lucrativos com o objetivo de representar e defender os interesses dos seus associados. Com sede em <strong>Mogadouro<\/strong> e delega\u00e7\u00f5es em <strong>Sendim, Bragan\u00e7a<\/strong> e <strong>Miranda do Douro<\/strong>, a nossa \u00e1rea de atua\u00e7\u00e3o abrange o <strong>Norte<\/strong> e <strong>Centro de Portugal<\/strong>.<\/p>\n<p>A nossa equipa \u00e9 composta por <strong>17 profissionais altamente qualificados<\/strong>, incluindo engenheiros agr\u00edcolas, florestais, de madeiras, zoot\u00e9cnicos e inform\u00e1ticos, al\u00e9m de <strong>60 sapadores florestais<\/strong>. A miss\u00e3o da APATA \u00e9 promover pr\u00e1ticas agr\u00edcolas e florestais sustent\u00e1veis, apoiar os produtores e agricultores atrav\u00e9s de <strong>forma\u00e7\u00e3o<\/strong>, <strong>assist\u00eancia t\u00e9cnica<\/strong> e <strong>projetos de desenvolvimento sustent\u00e1vel<\/strong>.<\/p>\n<p><!-- \/wp:paragraph --><!-- wp:paragraph --><!-- \/wp:paragraph --><\/p>\t\t\t\t\t\t\t\t<\/div>\n\t\t\t\t<\/div>\n\t\t\t\t<\/div>\n\t\t<div class=\"elementor-element elementor-element-971ceac e-con-full e-flex e-con e-parent\" data-id=\"971ceac\" data-element_type=\"container\" data-e-type=\"container\">\n\t\t\t\t<div class=\"elementor-element elementor-element-aff75eb elementor-widget elementor-widget-text-editor\" data-id=\"aff75eb\" data-element_type=\"widget\" data-e-type=\"widget\" data-widget_type=\"text-editor.default\">\n\t\t\t\t<div class=\"elementor-widget-container\">\n\t\t\t\t\t\t\t\t\t<p>Tem os seguintes objectivos:<\/p>\n<ul>\n<li>Promover a\u00e7\u00f5es de estudo, forma\u00e7\u00e3o e informa\u00e7\u00e3o.<\/li>\n<li>Celebrar protocolos com organiza\u00e7\u00f5es de Agricultores ou outras entidades nacionais e internacionais que envolvam atividades compat\u00edveis com os seus fins.<\/li>\n<li>Promover e apoiar a a\u00e7\u00e3o de cadastro.<\/li>\n<li>Fomentar as modernas e corretas t\u00e9cnicas culturais, com particular destaque para a Prote\u00e7\u00e3o Integrada e Produ\u00e7\u00e3o Integrada e Agricultura Biol\u00f3gica.<\/li>\n<li>Fomentar a ado\u00e7\u00e3o de normas de qualidade.<\/li>\n<li>Fomentar a prote\u00e7\u00e3o do meio ambiente.<\/li>\n<li>Fomentar tecnologias de conserva\u00e7\u00e3o e transforma\u00e7\u00e3o.<\/li>\n<li>Promover e divulgar, com a\u00e7\u00f5es de publicidade e marketing aos produtos da regi\u00e3o.<\/li>\n<li>A t\u00edtulo apelativo promover ou conduzir negocia\u00e7\u00f5es com pessoas nacionais ou estrangeiros com vista a transa\u00e7\u00e3o de volume de produtos tradicionais que excedam a capacidade dos associados isoladamente quando para tal seja mandatada pelos interessados.<\/li>\n<li>De uma forma geral, promover a aceita\u00e7\u00e3o de normas de disciplina ao n\u00edvel da produ\u00e7\u00e3o e dos mercados dos produtos tradicionais na prospetiva dos j\u00e1 adaptados nos planos produtores da CEE.<\/li>\n<li>Prestar assist\u00eancia t\u00e9cnica aos associados nos dom\u00ednios da prote\u00e7\u00e3o Integrada e Agricultura Biol\u00f3gica.<\/li>\n<li>Formar e gerir associa\u00e7\u00f5es e Zonas de Ca\u00e7a.<\/li>\n<li>Fomentar e promover todas as atividades ligadas a Produ\u00e7\u00e3o Florestal.<\/li>\n<li>Prestar servi\u00e7os de aconselhamento e servi\u00e7os de apoio \u00e0 gest\u00e3o das empresas Agr\u00edcolas e Florestais.<\/li>\n<\/ul>\t\t\t\t\t\t\t\t<\/div>\n\t\t\t\t<\/div>\n\t\t\t\t<\/div>\n\t\t<div class=\"elementor-element elementor-element-74f57f9 e-con-full e-flex e-con e-parent\" data-id=\"74f57f9\" data-element_type=\"container\" data-e-type=\"container\">\n\t\t\t\t<div class=\"elementor-element elementor-element-5462726 elementor-widget elementor-widget-text-editor\" data-id=\"5462726\" data-element_type=\"widget\" data-e-type=\"widget\" data-widget_type=\"text-editor.default\">\n\t\t\t\t<div class=\"elementor-widget-container\">\n\t\t\t\t\t\t\t\t\t<p>A APATA \u00e9 a entidade respons\u00e1vel pela gest\u00e3o de mais de <strong>20 Zonas de Interven\u00e7\u00e3o Florestal<\/strong><span style=\"font-family: 'Times New Roman', serif; font-size: 12pt; color: var( --e-global-color-text ); font-weight: var( --e-global-typography-text-font-weight ); text-align: var(--text-align); background-color: var(--white);\"> &#8211; <\/span><strong style=\"font-family: var(--font-default); text-align: var(--text-align); background-color: var(--white);\">ZIF<\/strong><span style=\"color: var(--color-paragraph); font-family: var(--font-default); text-align: var(--text-align); background-color: var(--white);\">, desempenhando um papel essencial no desenvolvimento de candidaturas para o plano de recupera\u00e7\u00e3o e resili\u00eancia (AIGP), <\/span>nos termos do Despacho n\u00ba 7109\/-A\/2021:<\/p>\n<ul>\n<li>AIGP ZIF de Carragosa.<\/li>\n<li>AIGP ZIF da Baixa Lombada.<\/li>\n<li>AIGP ZIF Serra do Picotino.<\/li>\n<li>AIGP ZIF Freixo de Espada \u00e0 Cinta.<\/li>\n<li>AIGP Saldanha.<\/li>\n<li>AIGP Chacim e Peredo.<\/li>\n<li>AIGP da Ribeira de Aguiar.<\/li>\n<li>AIGP ZIF de Varge e Guardamil.<\/li>\n<li>AIGP ZIF do Felgar, Souto da Velha, Carvi\u00e7ais e Meirinhos.<\/li>\n<\/ul>\n<p>\u00c9 ainda entidade gestora da Zona de Ca\u00e7a Municipal de Mogadouro e Vilar do Rei e da Unidade de Gest\u00e3o Florestal de S\u00e3o Martinho do Peso.<\/p>\n<p>E<span style=\"color: var(--color-paragraph); font-family: var(--font-default); background-color: var(--white);\">m parceria com o ICNF, tem 6 equipas de sapadores florestais:<\/span><\/p>\n<ul>\n<li>SF34-118, \u00e1rea de interven\u00e7\u00e3o UF de Aveleda e Rio de Onor e Freguesia de Fran\u00e7a.<\/li>\n<li>SF35-118, \u00e1rea de interven\u00e7\u00e3o nas Freguesias de Carragosa, Espinhosela e Rabal.<\/li>\n<li>SF44-118, \u00e1rea de interven\u00e7\u00e3o nas Freguesias de Bemposta, Bru\u00e7\u00f3, Peredo de bemposta, Urros e UF de Vilarinho dos Galegos e Ventoselo.<\/li>\n<li>SF49-118, \u00e1rea de interven\u00e7\u00e3o nas Freguesias castro Vicente, Brunhoso, Paradela e UF de Remondes e Soutelo.<\/li>\n<li>SF53-118, \u00e1rea de interven\u00e7\u00e3o nas Freguesias de Chacim, Lagoa, Lombo, Morais, Olmos, Peredo, Salselas, Talhas, Vinhas e UF de Talhinhas e Bagueixe.<\/li>\n<li>SF54-118 \u00e1rea de interven\u00e7\u00e3o nas seguintes freguesias de munic\u00edpio de Vimioso: Argozelo; UF de Ca\u00e7arelhos e Angueira; Car\u00e7\u00e3o; Matela; Santulh\u00e3o; Vilar Seco e Vimioso.<\/li>\n<\/ul>\t\t\t\t\t\t\t\t<\/div>\n\t\t\t\t<\/div>\n\t\t\t\t<\/div>\n\t\t<div class=\"elementor-element elementor-element-67586b2 e-con-full e-flex e-con e-parent\" data-id=\"67586b2\" data-element_type=\"container\" data-e-type=\"container\">\n\t\t\t\t<div class=\"elementor-element elementor-element-be8f040 elementor-widget elementor-widget-text-editor\" data-id=\"be8f040\" data-element_type=\"widget\" data-e-type=\"widget\" data-widget_type=\"text-editor.default\">\n\t\t\t\t<div class=\"elementor-widget-container\">\n\t\t\t\t\t\t\t\t\t<p>Com <strong>5280 associados<\/strong>, a <strong>APATA<\/strong> tem-se destacado por principais realiza\u00e7\u00f5es:<\/p>\n<ul>\n<li>Participa em projetos de forma\u00e7\u00e3o e consultadoria para PME em gest\u00e3o agr\u00edcola, desde 2004, tendo este, j\u00e1 formado mais 100 explora\u00e7\u00f5es agr\u00edcolas. Estes projetos t\u00eam sido executados em parceria com v\u00e1rias organiza\u00e7\u00f5es nacionais como a CAP- Confedera\u00e7\u00e3o de Agricultores de Portugal, a FATA \u2013 Federa\u00e7\u00e3o de Agricultores de Tr\u00e1s-os-Montes e Alto Douro e a AIP \u2013 Associa\u00e7\u00e3o Industrial Portuguesa (Com profissionais altamente experientes e qualificados que d\u00e3o apoio\/suporte ao desenvolvimento das PME\u00b4s orientando e promovendo a inova\u00e7\u00e3o empresarial).<\/li>\n<li>Entidade reconhecida pelo IFAP como recetora de candidaturas, com mais de 3300 candidaturas ao PU por ano<\/li>\n<li>Entidade reconhecida par presta\u00e7\u00e3o de Servi\u00e7os de Aconselhamento Agr\u00edcola e Florestal pela DGADR como mais de 800 servi\u00e7os efetuados<\/li>\n<li>Entidade reconhecida pela DGPC para acompanhamento t\u00e9cnico em Modo de Produ\u00e7\u00e3o Integrada e em Modo de Produ\u00e7\u00e3o Biol\u00f3gico.<\/li>\n<li>Elabora e executa projetos florestais e agr\u00edcolas, tendo vasta experi\u00eancia em limpezas florestais e executado diversos trabalhos em v\u00e1rias parcerias, como a EDP \u2013 implementa\u00e7\u00e3o de medidas compensat\u00f3rias na barragem do baixo sabor, Ecorrede \u2013 combate ao Nem\u00e1todo-da-madeira-do-pinheiro, Floponor \u2013 manuten\u00e7\u00e3o de linhas de alta Voltagem da REN e EDP e outros projetos florestais.<\/li>\n<li>Para suporte destes trabalhos, a APATA tem, 9 carrinhas todo terreno, um trator florestal; VALTRA 110 CV, com destro\u00e7ador de martelos, destro\u00e7ador de correntes e o triturador, 1 GPS, v\u00e1rias motorrossadoras, motosserras e tesouras de poda, v\u00e1rios computadores e impressoras, plotter, 2 fotocopiadoras, etc.<\/li>\n<\/ul>\t\t\t\t\t\t\t\t<\/div>\n\t\t\t\t<\/div>\n\t\t\t\t<\/div>\n\t\t<div class=\"elementor-element elementor-element-eebf9c8 e-con-full e-flex e-con e-parent\" data-id=\"eebf9c8\" data-element_type=\"container\" data-e-type=\"container\">\n\t\t\t\t<div class=\"elementor-element elementor-element-2caaab2 elementor-widget elementor-widget-text-editor\" data-id=\"2caaab2\" data-element_type=\"widget\" data-e-type=\"widget\" data-widget_type=\"text-editor.default\">\n\t\t\t\t<div class=\"elementor-widget-container\">\n\t\t\t\t\t\t\t\t\t<h3><strong>Projetos e Parcerias de Destaque<\/strong><\/h3>\n<p>A APATA tem desenvolvido uma ampla gama de <strong>parcerias estrat\u00e9gicas<\/strong>, tanto a n\u00edvel nacional como internacional, sempre com o objetivo de melhorar as pr\u00e1ticas agr\u00edcolas e florestais da regi\u00e3o:<\/p>\n<ul>\n<li>\n<p><strong>Agrotecnica del Sur, Lda (Portugal):<\/strong> Protocolo para ensaio de produto fitof\u00e1rmaco para <strong>moniliose no amendoal<\/strong>.<\/p>\n<\/li>\n<li>\n<p><strong>ICNF:<\/strong> Membro efetivo do <strong>Conselho Estrat\u00e9gico do Parque Natural do Douro Internacional<\/strong> (2014).<\/p>\n<\/li>\n<li>\n<p><strong>EDP:<\/strong> Protocolo de coopera\u00e7\u00e3o para a implementa\u00e7\u00e3o de <strong>a\u00e7\u00f5es integradas<\/strong> nas medidas compensat\u00f3rias do Aproveitamento Hidroel\u00e9trico do Baixo Sabor.<\/p>\n<\/li>\n<li>\n<p><strong>Consultua \u2013 Ensino e Forma\u00e7\u00e3o Profissional, Lda:<\/strong> Parceria para <strong>forma\u00e7\u00e3o e desenvolvimento de compet\u00eancias<\/strong>.<\/p>\n<\/li>\n<li>\n<p><strong>UTAD e Gistree, Lda:<\/strong> Participa\u00e7\u00e3o na <strong>Sele\u00e7\u00e3o de Povoamentos de Floresta de Sobreiro<\/strong> no \u00e2mbito do <strong>Projeto Europeu Interreg SUDOE FormanRidk<\/strong>.<\/p>\n<\/li>\n<li>\n<p><strong>IPB \u2013 Escola Superior Agr\u00e1ria do Instituto Polit\u00e9cnico de Bragan\u00e7a:<\/strong> Protocolos de parceria para a <strong>leciona\u00e7\u00e3o de cursos especializados<\/strong> em Defesa da Floresta Contra Inc\u00eandios e <strong>Produ\u00e7\u00e3o Integrada em Hort\u00edcolas<\/strong>.<\/p>\n<\/li>\n<li>\n<p><strong>Zimbro, Agricultura e Turismo, Lda:<\/strong> Projeto no \u00e2mbito do <strong>Fundo Ambiental<\/strong> para <strong>Gest\u00e3o da Biodiversidade<\/strong> e <strong>Recupera\u00e7\u00e3o Ambiental de Sobreiro<\/strong> em Tr\u00e1s-os-Montes e Alto Douro.<\/p>\n<\/li>\n<li>\n<p><strong>Florestgal, SA:<\/strong> Protocolo para a <strong>elabora\u00e7\u00e3o de PGFs<\/strong> das propriedades florestais na regi\u00e3o.<\/p>\n<\/li>\n<li>\n<p><strong>Aguiarfloresta:<\/strong> Fornecimento de servi\u00e7os para o <strong>Invent\u00e1rio da Estrutura da Propriedade<\/strong> na <strong>ZIF de Jales<\/strong>.<\/p>\n<\/li>\n<li>\n<p><strong>Escola B\u00e1sica e Secund\u00e1ria de Mogadouro:<\/strong> Protocolos de <strong>Forma\u00e7\u00e3o em Contexto de Trabalho<\/strong>, nos anos letivos de 2015\/2016 e 2016\/2017.<\/p>\n<\/li>\n<li>\n<p><strong>Coopera\u00e7\u00e3o com AEBB, ADCMoura, CATAA e APATA:<\/strong> Projeto <strong>COSPAM<\/strong> \u2013 <strong>Internacionaliza\u00e7\u00e3o da Fileira da Cosm\u00e9tica<\/strong> (2016).<\/p>\n<\/li>\n<li>\n<p><strong>Fenafloresta de Fitossanidade:<\/strong> Protocolo para <strong>a\u00e7\u00f5es fitossanit\u00e1rias<\/strong> em 2020.<\/p>\n<\/li>\n<li>\n<p><strong>Parceria com CoLAB ForestWISE:<\/strong> <strong>Inova\u00e7\u00e3o e desenvolvimento<\/strong> em gest\u00e3o florestal e sustentabilidade.<\/p>\n<\/li>\n<li><b>SMURF Project \u2013 First Cascade Funding 1st Cal For Small Forest Owners\u2019 Organisation<\/b><\/li>\n<\/ul>\t\t\t\t\t\t\t\t<\/div>\n\t\t\t\t<\/div>\n\t\t\t\t<\/div>\n\t\t\t\t<\/div>\n\t\t","protected":false},"excerpt":{"rendered":"<p>A APATA \u2013 Associa\u00e7\u00e3o de Produtores Agr\u00edcolas Tradicionais e Ambientais, fundada em 10 de maio de 2000, \u00e9 uma organiza\u00e7\u00e3o sem fins lucrativos com o objetivo de representar e defender os interesses dos seus associados. Com sede em Mogadouro e delega\u00e7\u00f5es em Sendim, Bragan\u00e7a e Miranda do Douro, a nossa \u00e1rea de atua\u00e7\u00e3o abrange o&#8230;<\/p>\n","protected":false},"author":1,"featured_media":0,"parent":0,"menu_order":0,"comment_status":"closed","ping_status":"closed","template":"elementor_theme","meta":{"footnotes":""},"class_list":["post-19","page","type-page","status-publish","hentry"],"_links":{"self":[{"href":"https:\/\/apata.pt\/index.php\/wp-json\/wp\/v2\/pages\/19","targetHints":{"allow":["GET"]}}],"collection":[{"href":"https:\/\/apata.pt\/index.php\/wp-json\/wp\/v2\/pages"}],"about":[{"href":"https:\/\/apata.pt\/index.php\/wp-json\/wp\/v2\/types\/page"}],"author":[{"embeddable":true,"href":"https:\/\/apata.pt\/index.php\/wp-json\/wp\/v2\/users\/1"}],"replies":[{"embeddable":true,"href":"https:\/\/apata.pt\/index.php\/wp-json\/wp\/v2\/comments?post=19"}],"version-history":[{"count":49,"href":"https:\/\/apata.pt\/index.php\/wp-json\/wp\/v2\/pages\/19\/revisions"}],"predecessor-version":[{"id":1330,"href":"https:\/\/apata.pt\/index.php\/wp-json\/wp\/v2\/pages\/19\/revisions\/1330"}],"wp:attachment":[{"href":"https:\/\/apata.pt\/index.php\/wp-json\/wp\/v2\/media?parent=19"}],"curies":[{"name":"wp","href":"https:\/\/api.w.org\/{rel}","templated":true}]}}