{"id":1116,"date":"2024-12-18T11:55:17","date_gmt":"2024-12-18T11:55:17","guid":{"rendered":"https:\/\/apata.pt\/?page_id=1116"},"modified":"2024-12-18T15:57:40","modified_gmt":"2024-12-18T15:57:40","slug":"eventos-e-coloquios-organizados-pela-apata","status":"publish","type":"page","link":"https:\/\/apata.pt\/index.php\/eventos-e-coloquios-organizados-pela-apata\/","title":{"rendered":"Col\u00f3quios realizados pela APATA"},"content":{"rendered":"\t\t<div data-elementor-type=\"wp-page\" data-elementor-id=\"1116\" class=\"elementor elementor-1116\">\n\t\t\t\t<div class=\"elementor-element elementor-element-5fb62968 e-flex e-con-boxed e-con e-parent\" data-id=\"5fb62968\" data-element_type=\"container\" data-e-type=\"container\">\n\t\t\t\t\t<div class=\"e-con-inner\">\n\t\t\t\t<div class=\"elementor-element elementor-element-4d721fbd elementor-widget elementor-widget-text-editor\" data-id=\"4d721fbd\" data-element_type=\"widget\" data-e-type=\"widget\" data-widget_type=\"text-editor.default\">\n\t\t\t\t<div class=\"elementor-widget-container\">\n\t\t\t\t\t\t\t\t\t\n<ul class=\"wp-block-list\">\n<li>\u201cDia do Azeite \u201c, decorrido em Mogadouro de 21 de Dezembro de 2002, com mais de 300 participantes<\/li>\n\n<li>\u201cDia do Azeite \u201c, decorrido em Mogadouro de 20 de Dezembro de 2003, com mais de 300 participantes<\/li>\n\n<li>\u201cDia do Azeite \u201c, decorrido em Mogadouro de 22 de Dezembro de 2004, com mais de 300 participantes<\/li>\n\n<li>\u201cDia do Azeite \u201c, decorrido em Mogadouro de 17 de Dezembro de 2005, com mais de 300 participantes<\/li>\n\n<li>\u201cDia do Azeite \u201c, decorrido em Mogadouro de 16 de Dezembro de 2006, com mais de 300 participantes<\/li>\n\n<li>\u201cDia do Castanha \u201c, decorrido em Mogadouro em 2003, com mais de 300 participantes<\/li>\n\n<li>\u201cDia do Castanha \u201c, decorrido em Mogadouro em 2004, com mais de 300 participantes<\/li>\n\n<li>\u201cDia do Castanha \u201c, decorrido em Mogadouro em 2005, com mais de 300 participantes<\/li>\n\n<li>\u201cI Jornadas Agr\u00edcolas\u201d, organizada pela Associa\u00e7\u00e3o de Produtores Agr\u00edcolas Tradicionais e Ambientais, decorrido em Mogadouro em 2005, com mais de 1000 participantes<\/li>\n\n<li>\u201cII Jornadas Agr\u00edcolas\u201d, decorrido em Mogadouro em 2006, com mais de 1000 participantes<\/li>\n\n<li>\u201cDia das Cozinhas Tradicionais \u201c, decorrido em Mogadouro em 2004, com mais de 300 participantes<\/li>\n\n<li>\u201cDia da Azeitona\/Am\u00eandoa \u201c, decorrido em Mogadouro em 2006, com mais de 300 participantes<\/li>\n\n<li>\u201cDia Dos Reis \u201c, decorrido em Mogadouro em 2014, com mais de 300 participantes<\/li>\n\n<li>\u201cDia Dos Reis \u201c, decorrido em Mogadouro em 2015, com mais de 300 participantes<\/li>\n\n<li>\u201cDia Dos Reis \u201c, decorrido em Mogadouro em 2016, com mais de 300 participantes<\/li>\n\n<li>\u201cDia Dos Reis \u201c, decorrido em Mogadouro em 2017, com mais de 300 participantes<\/li>\n\n<li>Col\u00f3quio seguido de uma sess\u00e3o de esclarecimentos, com o tema: \u201cInforma\u00e7\u00e3o da linha de cr\u00e9dito de apoio \u00e0 alimenta\u00e7\u00e3o animal e apoio na venda de Vitelos\u201d em parceria com o Grupo Jer\u00f3nimo Martins, decorrido em Mogadouro a 14 de Dezembro de 2017, com mais de 300 participantes<\/li>\n\n<li>\u201cDia Dos Reis \u201c, decorrido em Mogadouro em 2018, com mais de 300 participantes<\/li>\n\n<li>\u201cDia da Floresta\u201d com o tema Futuro da Floresta enZIF, decorrido em Mogadouro a 20 Setembro de 2018, com mais de 300 participantes<\/li>\n\n<li>\u201cDia Dos Reis \u201c, decorrido em Mogadouro em 2019, com mais de 300 participantes<\/li>\n\n<li>\u201cDia da Am\u00eandoa\u201d, em parceria com a LCN e a CNCFS, decorrido em Mogadouro a 16 de Julho de 2019, com mais de 300 participantes<\/li>\n\n<li>Col\u00f3quio \u201cGest\u00e3o Florestal em \u00e1reas protegidas\u201d, 04 de Julho de 2020 \u2013 Bragan\u00e7a<\/li>\n\n<li>Workshop &#8220;\u00c1reas Integradas de Gest\u00e3o da Paisagem &#8211; AIGP\u00b4s&#8221;\u201d, 07 de Setembro de 2021 \u2013 Mogadouro<\/li>\n<\/ul>\n\n<p>\u00a0<\/p>\n\t\t\t\t\t\t\t\t<\/div>\n\t\t\t\t<\/div>\n\t\t\t\t\t<\/div>\n\t\t\t\t<\/div>\n\t\t\t\t<\/div>\n\t\t","protected":false},"excerpt":{"rendered":"<p>&nbsp;<\/p>\n","protected":false},"author":1,"featured_media":0,"parent":0,"menu_order":0,"comment_status":"closed","ping_status":"closed","template":"","meta":{"footnotes":""},"class_list":["post-1116","page","type-page","status-publish","hentry"],"_links":{"self":[{"href":"https:\/\/apata.pt\/index.php\/wp-json\/wp\/v2\/pages\/1116","targetHints":{"allow":["GET"]}}],"collection":[{"href":"https:\/\/apata.pt\/index.php\/wp-json\/wp\/v2\/pages"}],"about":[{"href":"https:\/\/apata.pt\/index.php\/wp-json\/wp\/v2\/types\/page"}],"author":[{"embeddable":true,"href":"https:\/\/apata.pt\/index.php\/wp-json\/wp\/v2\/users\/1"}],"replies":[{"embeddable":true,"href":"https:\/\/apata.pt\/index.php\/wp-json\/wp\/v2\/comments?post=1116"}],"version-history":[{"count":5,"href":"https:\/\/apata.pt\/index.php\/wp-json\/wp\/v2\/pages\/1116\/revisions"}],"predecessor-version":[{"id":1125,"href":"https:\/\/apata.pt\/index.php\/wp-json\/wp\/v2\/pages\/1116\/revisions\/1125"}],"wp:attachment":[{"href":"https:\/\/apata.pt\/index.php\/wp-json\/wp\/v2\/media?parent=1116"}],"curies":[{"name":"wp","href":"https:\/\/api.w.org\/{rel}","templated":true}]}}